{"id":16922,"date":"2024-02-02T11:33:00","date_gmt":"2024-02-02T11:33:00","guid":{"rendered":"https:\/\/kavaslarsandalye.com\/?post_type=product&#038;p=16922"},"modified":"2024-10-02T18:11:44","modified_gmt":"2024-10-02T18:11:44","slug":"talia-bar","status":"publish","type":"product","link":"https:\/\/kavaslarsandalye.com\/es\/talia-bar\/","title":{"rendered":"Talia Bar"},"content":{"rendered":"<h3>\u00dcr\u00fcn \u00d6zellikleri<\/h3>\n<ul>\n<li><strong>Ah\u015fap ve Metal Detaylar<\/strong>: Tella Bar modeli, ah\u015fap ve metal detaylar\u0131n ustal\u0131kla birle\u015ftirilmesiyle tasarlanm\u0131\u015ft\u0131r. Bu kombinasyon, sandalyeye modern ve s\u0131cak bir g\u00f6r\u00fcn\u00fcm kazand\u0131r\u0131r.<\/li>\n<li><strong>Ergonomik Oturma Y\u00fczeyi<\/strong>: Tella Bar modeli, ergonomik bir oturma y\u00fczeyine sahiptir. Bu sayede kullan\u0131c\u0131lar\u0131n uzun s\u00fcreli oturmalarda bile rahat etmelerini sa\u011flar.<\/li>\n<li><strong>Yenilik\u00e7i Renk Se\u00e7enekleri<\/strong>: Tella Bar modeli, cesur ve yenilik\u00e7i renk se\u00e7enekleri sunar. Bu renkler, mekana dinamizm ve enerji katarak dikkat \u00e7eker.<\/li>\n<li><strong>Kolay Ta\u015f\u0131nabilirlik<\/strong>: Hafif malzemelerden \u00fcretilen Tella Bar modeli, kolay ta\u015f\u0131nabilirlik \u00f6zelli\u011fi ta\u015f\u0131r. Bu sayede mekan\u0131n d\u00fczenini istenilen \u015fekilde de\u011fi\u015ftirmek kolayla\u015f\u0131r.<\/li>\n<\/ul>\n<p><img loading=\"lazy\" decoding=\"async\" src=\"http:\/\/kavaslarsandalye.com\/wp-content\/uploads\/2024\/02\/3-30.jpg\" sizes=\"auto, (max-width: 700px) 100vw, 700px\" srcset=\"https:\/\/kavaslarsandalye.com\/wp-content\/uploads\/2024\/02\/3-30.jpg 700w, https:\/\/kavaslarsandalye.com\/wp-content\/uploads\/2024\/02\/3-30-263x300.jpg 263w, https:\/\/kavaslarsandalye.com\/wp-content\/uploads\/2024\/02\/3-30-430x491.jpg 430w, https:\/\/kavaslarsandalye.com\/wp-content\/uploads\/2024\/02\/3-30-150x171.jpg 150w\" alt=\"\" width=\"700\" height=\"800\" \/><br \/>\n<img loading=\"lazy\" decoding=\"async\" src=\"http:\/\/kavaslarsandalye.com\/wp-content\/uploads\/2024\/02\/1-30.jpg\" sizes=\"auto, (max-width: 700px) 100vw, 700px\" srcset=\"https:\/\/kavaslarsandalye.com\/wp-content\/uploads\/2024\/02\/1-30.jpg 700w, https:\/\/kavaslarsandalye.com\/wp-content\/uploads\/2024\/02\/1-30-263x300.jpg 263w, https:\/\/kavaslarsandalye.com\/wp-content\/uploads\/2024\/02\/1-30-430x491.jpg 430w, https:\/\/kavaslarsandalye.com\/wp-content\/uploads\/2024\/02\/1-30-150x171.jpg 150w\" alt=\"\" width=\"700\" height=\"800\" \/><\/p>\n","protected":false},"excerpt":{"rendered":"<p>Talia Bar modeli, modern bar ortamlar\u0131 i\u00e7in \u00f6zel olarak tasarlanm\u0131\u015f \u015f\u0131k bir bar sandalyesidir. Metal ayaklar\u0131, sa\u011flaml\u0131k ve estetik sunarken, minimalist tasar\u0131m\u0131yla dikkat \u00e7eker. Talia Bar, bar ve mutfak tezgahlar\u0131 i\u00e7in ideal bir se\u00e7enektir. Estetik ve kullan\u0131\u015fl\u0131l\u0131\u011f\u0131 bir arada sunan bu sandalye, mekan\u0131n\u0131za modern bir hava katar ve konforlu bir oturma deneyimi sa\u011flar.<\/p>\n","protected":false},"featured_media":17825,"template":"","meta":[],"product_brand":[],"product_cat":[213,71],"product_tag":[],"class_list":{"0":"post-16922","1":"product","2":"type-product","3":"status-publish","4":"has-post-thumbnail","6":"product_cat-bar-sandalyeleri","7":"product_cat-sandalyeler","9":"first","10":"instock","11":"shipping-taxable","12":"product-type-simple"},"yoast_head":"<!-- This site is optimized with the Yoast SEO plugin v27.4 - https:\/\/yoast.com\/product\/yoast-seo-wordpress\/ -->\n<title>Talia Bar &#187; Kavaslar Sandalye<\/title>\n<meta name=\"robots\" content=\"index, follow, max-snippet:-1, max-image-preview:large, max-video-preview:-1\" \/>\n<link rel=\"canonical\" href=\"https:\/\/kavaslarsandalye.com\/es\/talia-bar\/\" \/>\n<meta property=\"og:locale\" content=\"es_ES\" \/>\n<meta property=\"og:type\" content=\"article\" \/>\n<meta property=\"og:title\" content=\"Talia Bar &#187; Kavaslar Sandalye\" \/>\n<meta property=\"og:description\" content=\"Talia Bar modeli, modern bar ortamlar\u0131 i\u00e7in \u00f6zel olarak tasarlanm\u0131\u015f \u015f\u0131k bir bar sandalyesidir. Metal ayaklar\u0131, sa\u011flaml\u0131k ve estetik sunarken, minimalist tasar\u0131m\u0131yla dikkat \u00e7eker. Talia Bar, bar ve mutfak tezgahlar\u0131 i\u00e7in ideal bir se\u00e7enektir. Estetik ve kullan\u0131\u015fl\u0131l\u0131\u011f\u0131 bir arada sunan bu sandalye, mekan\u0131n\u0131za modern bir hava katar ve konforlu bir oturma deneyimi sa\u011flar.\" \/>\n<meta property=\"og:url\" content=\"https:\/\/kavaslarsandalye.com\/es\/talia-bar\/\" \/>\n<meta property=\"og:site_name\" content=\"Kavaslar Sandalye\" \/>\n<meta property=\"article:modified_time\" content=\"2024-10-02T18:11:44+00:00\" \/>\n<meta property=\"og:image\" content=\"https:\/\/kavaslarsandalye.com\/wp-content\/uploads\/2024\/02\/talia-bar-5-e1727892693185.webp\" \/>\n\t<meta property=\"og:image:width\" content=\"1080\" \/>\n\t<meta property=\"og:image:height\" content=\"1000\" \/>\n\t<meta property=\"og:image:type\" content=\"image\/webp\" \/>\n<meta name=\"twitter:card\" content=\"summary_large_image\" \/>\n<meta name=\"twitter:label1\" content=\"Tiempo de lectura\" \/>\n\t<meta name=\"twitter:data1\" content=\"2 minutos\" \/>\n<script type=\"application\/ld+json\" class=\"yoast-schema-graph\">{\"@context\":\"https:\\\/\\\/schema.org\",\"@graph\":[{\"@type\":\"WebPage\",\"@id\":\"https:\\\/\\\/kavaslarsandalye.com\\\/es\\\/talia-bar\\\/\",\"url\":\"https:\\\/\\\/kavaslarsandalye.com\\\/es\\\/talia-bar\\\/\",\"name\":\"Talia Bar &#187; Kavaslar Sandalye\",\"isPartOf\":{\"@id\":\"https:\\\/\\\/kavaslarsandalye.com\\\/es\\\/#website\"},\"primaryImageOfPage\":{\"@id\":\"https:\\\/\\\/kavaslarsandalye.com\\\/es\\\/talia-bar\\\/#primaryimage\"},\"image\":{\"@id\":\"https:\\\/\\\/kavaslarsandalye.com\\\/es\\\/talia-bar\\\/#primaryimage\"},\"thumbnailUrl\":\"https:\\\/\\\/kavaslarsandalye.com\\\/wp-content\\\/uploads\\\/2024\\\/02\\\/talia-bar-5-e1727892693185.webp\",\"datePublished\":\"2024-02-02T11:33:00+00:00\",\"dateModified\":\"2024-10-02T18:11:44+00:00\",\"breadcrumb\":{\"@id\":\"https:\\\/\\\/kavaslarsandalye.com\\\/es\\\/talia-bar\\\/#breadcrumb\"},\"inLanguage\":\"es\",\"potentialAction\":[{\"@type\":\"ReadAction\",\"target\":[\"https:\\\/\\\/kavaslarsandalye.com\\\/es\\\/talia-bar\\\/\"]}]},{\"@type\":\"ImageObject\",\"inLanguage\":\"es\",\"@id\":\"https:\\\/\\\/kavaslarsandalye.com\\\/es\\\/talia-bar\\\/#primaryimage\",\"url\":\"https:\\\/\\\/kavaslarsandalye.com\\\/wp-content\\\/uploads\\\/2024\\\/02\\\/talia-bar-5-e1727892693185.webp\",\"contentUrl\":\"https:\\\/\\\/kavaslarsandalye.com\\\/wp-content\\\/uploads\\\/2024\\\/02\\\/talia-bar-5-e1727892693185.webp\",\"width\":1080,\"height\":1000},{\"@type\":\"BreadcrumbList\",\"@id\":\"https:\\\/\\\/kavaslarsandalye.com\\\/es\\\/talia-bar\\\/#breadcrumb\",\"itemListElement\":[{\"@type\":\"ListItem\",\"position\":1,\"name\":\"Anasayfa\",\"item\":\"https:\\\/\\\/kavaslarsandalye.com\\\/es\\\/\"},{\"@type\":\"ListItem\",\"position\":2,\"name\":\"\u00dcr\u00fcnler\",\"item\":\"https:\\\/\\\/kavaslarsandalye.com\\\/urunler\\\/\"},{\"@type\":\"ListItem\",\"position\":3,\"name\":\"Talia Bar\"}]},{\"@type\":\"WebSite\",\"@id\":\"https:\\\/\\\/kavaslarsandalye.com\\\/es\\\/#website\",\"url\":\"https:\\\/\\\/kavaslarsandalye.com\\\/es\\\/\",\"name\":\"Kavaslar Sandalye\",\"description\":\"\",\"publisher\":{\"@id\":\"https:\\\/\\\/kavaslarsandalye.com\\\/es\\\/#organization\"},\"alternateName\":\"Kavaslar Chair\",\"potentialAction\":[{\"@type\":\"SearchAction\",\"target\":{\"@type\":\"EntryPoint\",\"urlTemplate\":\"https:\\\/\\\/kavaslarsandalye.com\\\/es\\\/?s={search_term_string}\"},\"query-input\":{\"@type\":\"PropertyValueSpecification\",\"valueRequired\":true,\"valueName\":\"search_term_string\"}}],\"inLanguage\":\"es\"},{\"@type\":\"Organization\",\"@id\":\"https:\\\/\\\/kavaslarsandalye.com\\\/es\\\/#organization\",\"name\":\"Kavaslar Sandalye\",\"alternateName\":\"Kavaslar Chair\",\"url\":\"https:\\\/\\\/kavaslarsandalye.com\\\/es\\\/\",\"logo\":{\"@type\":\"ImageObject\",\"inLanguage\":\"es\",\"@id\":\"https:\\\/\\\/kavaslarsandalye.com\\\/es\\\/#\\\/schema\\\/logo\\\/image\\\/\",\"url\":\"https:\\\/\\\/kavaslarsandalye.com\\\/wp-content\\\/uploads\\\/2024\\\/09\\\/Calisma-Yuzeyi-1.svg\",\"contentUrl\":\"https:\\\/\\\/kavaslarsandalye.com\\\/wp-content\\\/uploads\\\/2024\\\/09\\\/Calisma-Yuzeyi-1.svg\",\"width\":300,\"height\":80,\"caption\":\"Kavaslar Sandalye\"},\"image\":{\"@id\":\"https:\\\/\\\/kavaslarsandalye.com\\\/es\\\/#\\\/schema\\\/logo\\\/image\\\/\"}}]}<\/script>\n<!-- \/ Yoast SEO plugin. -->","yoast_head_json":{"title":"Talia Bar &#187; Kavaslar Sandalye","robots":{"index":"index","follow":"follow","max-snippet":"max-snippet:-1","max-image-preview":"max-image-preview:large","max-video-preview":"max-video-preview:-1"},"canonical":"https:\/\/kavaslarsandalye.com\/es\/talia-bar\/","og_locale":"es_ES","og_type":"article","og_title":"Talia Bar &#187; Kavaslar Sandalye","og_description":"Talia Bar modeli, modern bar ortamlar\u0131 i\u00e7in \u00f6zel olarak tasarlanm\u0131\u015f \u015f\u0131k bir bar sandalyesidir. Metal ayaklar\u0131, sa\u011flaml\u0131k ve estetik sunarken, minimalist tasar\u0131m\u0131yla dikkat \u00e7eker. Talia Bar, bar ve mutfak tezgahlar\u0131 i\u00e7in ideal bir se\u00e7enektir. Estetik ve kullan\u0131\u015fl\u0131l\u0131\u011f\u0131 bir arada sunan bu sandalye, mekan\u0131n\u0131za modern bir hava katar ve konforlu bir oturma deneyimi sa\u011flar.","og_url":"https:\/\/kavaslarsandalye.com\/es\/talia-bar\/","og_site_name":"Kavaslar Sandalye","article_modified_time":"2024-10-02T18:11:44+00:00","og_image":[{"width":1080,"height":1000,"url":"https:\/\/kavaslarsandalye.com\/wp-content\/uploads\/2024\/02\/talia-bar-5-e1727892693185.webp","type":"image\/webp"}],"twitter_card":"summary_large_image","twitter_misc":{"Tiempo de lectura":"2 minutos"},"schema":{"@context":"https:\/\/schema.org","@graph":[{"@type":"WebPage","@id":"https:\/\/kavaslarsandalye.com\/es\/talia-bar\/","url":"https:\/\/kavaslarsandalye.com\/es\/talia-bar\/","name":"Talia Bar &#187; Kavaslar Sandalye","isPartOf":{"@id":"https:\/\/kavaslarsandalye.com\/es\/#website"},"primaryImageOfPage":{"@id":"https:\/\/kavaslarsandalye.com\/es\/talia-bar\/#primaryimage"},"image":{"@id":"https:\/\/kavaslarsandalye.com\/es\/talia-bar\/#primaryimage"},"thumbnailUrl":"https:\/\/kavaslarsandalye.com\/wp-content\/uploads\/2024\/02\/talia-bar-5-e1727892693185.webp","datePublished":"2024-02-02T11:33:00+00:00","dateModified":"2024-10-02T18:11:44+00:00","breadcrumb":{"@id":"https:\/\/kavaslarsandalye.com\/es\/talia-bar\/#breadcrumb"},"inLanguage":"es","potentialAction":[{"@type":"ReadAction","target":["https:\/\/kavaslarsandalye.com\/es\/talia-bar\/"]}]},{"@type":"ImageObject","inLanguage":"es","@id":"https:\/\/kavaslarsandalye.com\/es\/talia-bar\/#primaryimage","url":"https:\/\/kavaslarsandalye.com\/wp-content\/uploads\/2024\/02\/talia-bar-5-e1727892693185.webp","contentUrl":"https:\/\/kavaslarsandalye.com\/wp-content\/uploads\/2024\/02\/talia-bar-5-e1727892693185.webp","width":1080,"height":1000},{"@type":"BreadcrumbList","@id":"https:\/\/kavaslarsandalye.com\/es\/talia-bar\/#breadcrumb","itemListElement":[{"@type":"ListItem","position":1,"name":"Anasayfa","item":"https:\/\/kavaslarsandalye.com\/es\/"},{"@type":"ListItem","position":2,"name":"\u00dcr\u00fcnler","item":"https:\/\/kavaslarsandalye.com\/urunler\/"},{"@type":"ListItem","position":3,"name":"Talia Bar"}]},{"@type":"WebSite","@id":"https:\/\/kavaslarsandalye.com\/es\/#website","url":"https:\/\/kavaslarsandalye.com\/es\/","name":"Kavaslar Sandalye","description":"","publisher":{"@id":"https:\/\/kavaslarsandalye.com\/es\/#organization"},"alternateName":"Kavaslar Chair","potentialAction":[{"@type":"SearchAction","target":{"@type":"EntryPoint","urlTemplate":"https:\/\/kavaslarsandalye.com\/es\/?s={search_term_string}"},"query-input":{"@type":"PropertyValueSpecification","valueRequired":true,"valueName":"search_term_string"}}],"inLanguage":"es"},{"@type":"Organization","@id":"https:\/\/kavaslarsandalye.com\/es\/#organization","name":"Kavaslar Sandalye","alternateName":"Kavaslar Chair","url":"https:\/\/kavaslarsandalye.com\/es\/","logo":{"@type":"ImageObject","inLanguage":"es","@id":"https:\/\/kavaslarsandalye.com\/es\/#\/schema\/logo\/image\/","url":"https:\/\/kavaslarsandalye.com\/wp-content\/uploads\/2024\/09\/Calisma-Yuzeyi-1.svg","contentUrl":"https:\/\/kavaslarsandalye.com\/wp-content\/uploads\/2024\/09\/Calisma-Yuzeyi-1.svg","width":300,"height":80,"caption":"Kavaslar Sandalye"},"image":{"@id":"https:\/\/kavaslarsandalye.com\/es\/#\/schema\/logo\/image\/"}}]}},"_links":{"self":[{"href":"https:\/\/kavaslarsandalye.com\/es\/wp-json\/wp\/v2\/product\/16922","targetHints":{"allow":["GET"]}}],"collection":[{"href":"https:\/\/kavaslarsandalye.com\/es\/wp-json\/wp\/v2\/product"}],"about":[{"href":"https:\/\/kavaslarsandalye.com\/es\/wp-json\/wp\/v2\/types\/product"}],"wp:featuredmedia":[{"embeddable":true,"href":"https:\/\/kavaslarsandalye.com\/es\/wp-json\/wp\/v2\/media\/17825"}],"wp:attachment":[{"href":"https:\/\/kavaslarsandalye.com\/es\/wp-json\/wp\/v2\/media?parent=16922"}],"wp:term":[{"taxonomy":"product_brand","embeddable":true,"href":"https:\/\/kavaslarsandalye.com\/es\/wp-json\/wp\/v2\/product_brand?post=16922"},{"taxonomy":"product_cat","embeddable":true,"href":"https:\/\/kavaslarsandalye.com\/es\/wp-json\/wp\/v2\/product_cat?post=16922"},{"taxonomy":"product_tag","embeddable":true,"href":"https:\/\/kavaslarsandalye.com\/es\/wp-json\/wp\/v2\/product_tag?post=16922"}],"curies":[{"name":"wp","href":"https:\/\/api.w.org\/{rel}","templated":true}]}}