{"id":16887,"date":"2024-02-02T11:22:29","date_gmt":"2024-02-02T11:22:29","guid":{"rendered":"https:\/\/kavaslarsandalye.com\/?post_type=product&#038;p=16887"},"modified":"2024-10-02T18:12:48","modified_gmt":"2024-10-02T18:12:48","slug":"mustang-bar","status":"publish","type":"product","link":"https:\/\/kavaslarsandalye.com\/en\/mustang-bar\/","title":{"rendered":"Mustang Bar"},"content":{"rendered":"<h3>\u00dcr\u00fcn \u00d6zellikleri<\/h3>\n<ul>\n<li><strong>G\u00fc\u00e7l\u00fc Metal Yap\u0131<\/strong>: Mustang Bar modeli, sa\u011flam ve dayan\u0131kl\u0131 metal malzemeden \u00fcretilmi\u015ftir. Bu, sandalyenin uzun \u00f6m\u00fcrl\u00fc olmas\u0131n\u0131 sa\u011flar ve g\u00fcvenli bir oturma deneyimi sunar.<\/li>\n<li><strong>Modern Tasar\u0131m<\/strong>: Mustang Bar, \u00e7a\u011fda\u015f bir tasar\u0131ma sahiptir. Temiz \u00e7izgileri ve minimalist yap\u0131s\u0131yla modern bir g\u00f6r\u00fcn\u00fcm sunar, mekan\u0131n\u0131za \u015f\u0131kl\u0131k katar.<\/li>\n<li><strong>Y\u00fcksek S\u0131rt Deste\u011fi<\/strong>: Mustang Bar modeli, y\u00fcksek s\u0131rt deste\u011fiyle konforlu bir oturu\u015f sa\u011flar. Bu \u00f6zellik, uzun s\u00fcreli oturmalarda da destek sa\u011flar.<\/li>\n<\/ul>\n<p><img loading=\"lazy\" decoding=\"async\" src=\"http:\/\/kavaslarsandalye.com\/wp-content\/uploads\/2024\/02\/3-25.jpg\" sizes=\"auto, (max-width: 700px) 100vw, 700px\" srcset=\"https:\/\/kavaslarsandalye.com\/wp-content\/uploads\/2024\/02\/3-25.jpg 700w, https:\/\/kavaslarsandalye.com\/wp-content\/uploads\/2024\/02\/3-25-263x300.jpg 263w, https:\/\/kavaslarsandalye.com\/wp-content\/uploads\/2024\/02\/3-25-430x491.jpg 430w, https:\/\/kavaslarsandalye.com\/wp-content\/uploads\/2024\/02\/3-25-150x171.jpg 150w\" alt=\"\" width=\"700\" height=\"800\" \/><br \/>\n<img loading=\"lazy\" decoding=\"async\" src=\"http:\/\/kavaslarsandalye.com\/wp-content\/uploads\/2024\/02\/1-25.jpg\" sizes=\"auto, (max-width: 700px) 100vw, 700px\" srcset=\"https:\/\/kavaslarsandalye.com\/wp-content\/uploads\/2024\/02\/1-25.jpg 700w, https:\/\/kavaslarsandalye.com\/wp-content\/uploads\/2024\/02\/1-25-263x300.jpg 263w, https:\/\/kavaslarsandalye.com\/wp-content\/uploads\/2024\/02\/1-25-430x491.jpg 430w, https:\/\/kavaslarsandalye.com\/wp-content\/uploads\/2024\/02\/1-25-150x171.jpg 150w\" alt=\"\" width=\"700\" height=\"800\" \/><\/p>\n","protected":false},"excerpt":{"rendered":"<p>Mustang Bar modeli, \u00e7a\u011fda\u015f ya\u015fam alanlar\u0131 i\u00e7in \u00f6zel olarak tasarlanm\u0131\u015f \u015f\u0131k bir bar sandalyesidir. Metal ayaklar\u0131, sa\u011flaml\u0131k ve estetik sunarken, minimalist tasar\u0131m\u0131yla dikkat \u00e7eker. Mustang Bar, bar ve mutfak tezgahlar\u0131 i\u00e7in ideal bir se\u00e7enektir. Estetik ve kullan\u0131\u015fl\u0131l\u0131\u011f\u0131 bir arada sunan bu sandalye, mekan\u0131n\u0131za modern bir hava katar ve konforlu bir oturma deneyimi sa\u011flar.<\/p>\n","protected":false},"featured_media":17815,"template":"","meta":[],"product_brand":[],"product_cat":[213,71],"product_tag":[],"class_list":{"0":"post-16887","1":"product","2":"type-product","3":"status-publish","4":"has-post-thumbnail","6":"product_cat-bar-sandalyeleri","7":"product_cat-sandalyeler","9":"first","10":"instock","11":"shipping-taxable","12":"product-type-simple"},"yoast_head":"<!-- This site is optimized with the Yoast SEO plugin v27.4 - https:\/\/yoast.com\/product\/yoast-seo-wordpress\/ -->\n<title>Mustang Bar &#187; Kavaslar Sandalye<\/title>\n<meta name=\"robots\" content=\"index, follow, max-snippet:-1, max-image-preview:large, max-video-preview:-1\" \/>\n<link rel=\"canonical\" href=\"https:\/\/kavaslarsandalye.com\/en\/mustang-bar\/\" \/>\n<meta property=\"og:locale\" content=\"en_US\" \/>\n<meta property=\"og:type\" content=\"article\" \/>\n<meta property=\"og:title\" content=\"Mustang Bar &#187; Kavaslar Sandalye\" \/>\n<meta property=\"og:description\" content=\"Mustang Bar modeli, \u00e7a\u011fda\u015f ya\u015fam alanlar\u0131 i\u00e7in \u00f6zel olarak tasarlanm\u0131\u015f \u015f\u0131k bir bar sandalyesidir. Metal ayaklar\u0131, sa\u011flaml\u0131k ve estetik sunarken, minimalist tasar\u0131m\u0131yla dikkat \u00e7eker. Mustang Bar, bar ve mutfak tezgahlar\u0131 i\u00e7in ideal bir se\u00e7enektir. Estetik ve kullan\u0131\u015fl\u0131l\u0131\u011f\u0131 bir arada sunan bu sandalye, mekan\u0131n\u0131za modern bir hava katar ve konforlu bir oturma deneyimi sa\u011flar.\" \/>\n<meta property=\"og:url\" content=\"https:\/\/kavaslarsandalye.com\/en\/mustang-bar\/\" \/>\n<meta property=\"og:site_name\" content=\"Kavaslar Sandalye\" \/>\n<meta property=\"article:modified_time\" content=\"2024-10-02T18:12:48+00:00\" \/>\n<meta property=\"og:image\" content=\"https:\/\/kavaslarsandalye.com\/wp-content\/uploads\/2024\/02\/mustang-bar-5-e1727892750166.webp\" \/>\n\t<meta property=\"og:image:width\" content=\"1080\" \/>\n\t<meta property=\"og:image:height\" content=\"1000\" \/>\n\t<meta property=\"og:image:type\" content=\"image\/webp\" \/>\n<meta name=\"twitter:card\" content=\"summary_large_image\" \/>\n<meta name=\"twitter:label1\" content=\"Est. reading time\" \/>\n\t<meta name=\"twitter:data1\" content=\"2 minutes\" \/>\n<script type=\"application\/ld+json\" class=\"yoast-schema-graph\">{\"@context\":\"https:\\\/\\\/schema.org\",\"@graph\":[{\"@type\":\"WebPage\",\"@id\":\"https:\\\/\\\/kavaslarsandalye.com\\\/en\\\/mustang-bar\\\/\",\"url\":\"https:\\\/\\\/kavaslarsandalye.com\\\/en\\\/mustang-bar\\\/\",\"name\":\"Mustang Bar &#187; Kavaslar Sandalye\",\"isPartOf\":{\"@id\":\"https:\\\/\\\/kavaslarsandalye.com\\\/en\\\/#website\"},\"primaryImageOfPage\":{\"@id\":\"https:\\\/\\\/kavaslarsandalye.com\\\/en\\\/mustang-bar\\\/#primaryimage\"},\"image\":{\"@id\":\"https:\\\/\\\/kavaslarsandalye.com\\\/en\\\/mustang-bar\\\/#primaryimage\"},\"thumbnailUrl\":\"https:\\\/\\\/kavaslarsandalye.com\\\/wp-content\\\/uploads\\\/2024\\\/02\\\/mustang-bar-5-e1727892750166.webp\",\"datePublished\":\"2024-02-02T11:22:29+00:00\",\"dateModified\":\"2024-10-02T18:12:48+00:00\",\"breadcrumb\":{\"@id\":\"https:\\\/\\\/kavaslarsandalye.com\\\/en\\\/mustang-bar\\\/#breadcrumb\"},\"inLanguage\":\"en-US\",\"potentialAction\":[{\"@type\":\"ReadAction\",\"target\":[\"https:\\\/\\\/kavaslarsandalye.com\\\/en\\\/mustang-bar\\\/\"]}]},{\"@type\":\"ImageObject\",\"inLanguage\":\"en-US\",\"@id\":\"https:\\\/\\\/kavaslarsandalye.com\\\/en\\\/mustang-bar\\\/#primaryimage\",\"url\":\"https:\\\/\\\/kavaslarsandalye.com\\\/wp-content\\\/uploads\\\/2024\\\/02\\\/mustang-bar-5-e1727892750166.webp\",\"contentUrl\":\"https:\\\/\\\/kavaslarsandalye.com\\\/wp-content\\\/uploads\\\/2024\\\/02\\\/mustang-bar-5-e1727892750166.webp\",\"width\":1080,\"height\":1000},{\"@type\":\"BreadcrumbList\",\"@id\":\"https:\\\/\\\/kavaslarsandalye.com\\\/en\\\/mustang-bar\\\/#breadcrumb\",\"itemListElement\":[{\"@type\":\"ListItem\",\"position\":1,\"name\":\"Anasayfa\",\"item\":\"https:\\\/\\\/kavaslarsandalye.com\\\/en\\\/\"},{\"@type\":\"ListItem\",\"position\":2,\"name\":\"\u00dcr\u00fcnler\",\"item\":\"https:\\\/\\\/kavaslarsandalye.com\\\/urunler\\\/\"},{\"@type\":\"ListItem\",\"position\":3,\"name\":\"Mustang Bar\"}]},{\"@type\":\"WebSite\",\"@id\":\"https:\\\/\\\/kavaslarsandalye.com\\\/en\\\/#website\",\"url\":\"https:\\\/\\\/kavaslarsandalye.com\\\/en\\\/\",\"name\":\"Kavaslar Sandalye\",\"description\":\"\",\"publisher\":{\"@id\":\"https:\\\/\\\/kavaslarsandalye.com\\\/en\\\/#organization\"},\"alternateName\":\"Kavaslar Chair\",\"potentialAction\":[{\"@type\":\"SearchAction\",\"target\":{\"@type\":\"EntryPoint\",\"urlTemplate\":\"https:\\\/\\\/kavaslarsandalye.com\\\/en\\\/?s={search_term_string}\"},\"query-input\":{\"@type\":\"PropertyValueSpecification\",\"valueRequired\":true,\"valueName\":\"search_term_string\"}}],\"inLanguage\":\"en-US\"},{\"@type\":\"Organization\",\"@id\":\"https:\\\/\\\/kavaslarsandalye.com\\\/en\\\/#organization\",\"name\":\"Kavaslar Sandalye\",\"alternateName\":\"Kavaslar Chair\",\"url\":\"https:\\\/\\\/kavaslarsandalye.com\\\/en\\\/\",\"logo\":{\"@type\":\"ImageObject\",\"inLanguage\":\"en-US\",\"@id\":\"https:\\\/\\\/kavaslarsandalye.com\\\/en\\\/#\\\/schema\\\/logo\\\/image\\\/\",\"url\":\"https:\\\/\\\/kavaslarsandalye.com\\\/wp-content\\\/uploads\\\/2024\\\/09\\\/Calisma-Yuzeyi-1.svg\",\"contentUrl\":\"https:\\\/\\\/kavaslarsandalye.com\\\/wp-content\\\/uploads\\\/2024\\\/09\\\/Calisma-Yuzeyi-1.svg\",\"width\":300,\"height\":80,\"caption\":\"Kavaslar Sandalye\"},\"image\":{\"@id\":\"https:\\\/\\\/kavaslarsandalye.com\\\/en\\\/#\\\/schema\\\/logo\\\/image\\\/\"}}]}<\/script>\n<!-- \/ Yoast SEO plugin. -->","yoast_head_json":{"title":"Mustang Bar &#187; Kavaslar Sandalye","robots":{"index":"index","follow":"follow","max-snippet":"max-snippet:-1","max-image-preview":"max-image-preview:large","max-video-preview":"max-video-preview:-1"},"canonical":"https:\/\/kavaslarsandalye.com\/en\/mustang-bar\/","og_locale":"en_US","og_type":"article","og_title":"Mustang Bar &#187; Kavaslar Sandalye","og_description":"Mustang Bar modeli, \u00e7a\u011fda\u015f ya\u015fam alanlar\u0131 i\u00e7in \u00f6zel olarak tasarlanm\u0131\u015f \u015f\u0131k bir bar sandalyesidir. Metal ayaklar\u0131, sa\u011flaml\u0131k ve estetik sunarken, minimalist tasar\u0131m\u0131yla dikkat \u00e7eker. Mustang Bar, bar ve mutfak tezgahlar\u0131 i\u00e7in ideal bir se\u00e7enektir. Estetik ve kullan\u0131\u015fl\u0131l\u0131\u011f\u0131 bir arada sunan bu sandalye, mekan\u0131n\u0131za modern bir hava katar ve konforlu bir oturma deneyimi sa\u011flar.","og_url":"https:\/\/kavaslarsandalye.com\/en\/mustang-bar\/","og_site_name":"Kavaslar Sandalye","article_modified_time":"2024-10-02T18:12:48+00:00","og_image":[{"width":1080,"height":1000,"url":"https:\/\/kavaslarsandalye.com\/wp-content\/uploads\/2024\/02\/mustang-bar-5-e1727892750166.webp","type":"image\/webp"}],"twitter_card":"summary_large_image","twitter_misc":{"Est. reading time":"2 minutes"},"schema":{"@context":"https:\/\/schema.org","@graph":[{"@type":"WebPage","@id":"https:\/\/kavaslarsandalye.com\/en\/mustang-bar\/","url":"https:\/\/kavaslarsandalye.com\/en\/mustang-bar\/","name":"Mustang Bar &#187; Kavaslar Sandalye","isPartOf":{"@id":"https:\/\/kavaslarsandalye.com\/en\/#website"},"primaryImageOfPage":{"@id":"https:\/\/kavaslarsandalye.com\/en\/mustang-bar\/#primaryimage"},"image":{"@id":"https:\/\/kavaslarsandalye.com\/en\/mustang-bar\/#primaryimage"},"thumbnailUrl":"https:\/\/kavaslarsandalye.com\/wp-content\/uploads\/2024\/02\/mustang-bar-5-e1727892750166.webp","datePublished":"2024-02-02T11:22:29+00:00","dateModified":"2024-10-02T18:12:48+00:00","breadcrumb":{"@id":"https:\/\/kavaslarsandalye.com\/en\/mustang-bar\/#breadcrumb"},"inLanguage":"en-US","potentialAction":[{"@type":"ReadAction","target":["https:\/\/kavaslarsandalye.com\/en\/mustang-bar\/"]}]},{"@type":"ImageObject","inLanguage":"en-US","@id":"https:\/\/kavaslarsandalye.com\/en\/mustang-bar\/#primaryimage","url":"https:\/\/kavaslarsandalye.com\/wp-content\/uploads\/2024\/02\/mustang-bar-5-e1727892750166.webp","contentUrl":"https:\/\/kavaslarsandalye.com\/wp-content\/uploads\/2024\/02\/mustang-bar-5-e1727892750166.webp","width":1080,"height":1000},{"@type":"BreadcrumbList","@id":"https:\/\/kavaslarsandalye.com\/en\/mustang-bar\/#breadcrumb","itemListElement":[{"@type":"ListItem","position":1,"name":"Anasayfa","item":"https:\/\/kavaslarsandalye.com\/en\/"},{"@type":"ListItem","position":2,"name":"\u00dcr\u00fcnler","item":"https:\/\/kavaslarsandalye.com\/urunler\/"},{"@type":"ListItem","position":3,"name":"Mustang Bar"}]},{"@type":"WebSite","@id":"https:\/\/kavaslarsandalye.com\/en\/#website","url":"https:\/\/kavaslarsandalye.com\/en\/","name":"Kavaslar Sandalye","description":"","publisher":{"@id":"https:\/\/kavaslarsandalye.com\/en\/#organization"},"alternateName":"Kavaslar Chair","potentialAction":[{"@type":"SearchAction","target":{"@type":"EntryPoint","urlTemplate":"https:\/\/kavaslarsandalye.com\/en\/?s={search_term_string}"},"query-input":{"@type":"PropertyValueSpecification","valueRequired":true,"valueName":"search_term_string"}}],"inLanguage":"en-US"},{"@type":"Organization","@id":"https:\/\/kavaslarsandalye.com\/en\/#organization","name":"Kavaslar Sandalye","alternateName":"Kavaslar Chair","url":"https:\/\/kavaslarsandalye.com\/en\/","logo":{"@type":"ImageObject","inLanguage":"en-US","@id":"https:\/\/kavaslarsandalye.com\/en\/#\/schema\/logo\/image\/","url":"https:\/\/kavaslarsandalye.com\/wp-content\/uploads\/2024\/09\/Calisma-Yuzeyi-1.svg","contentUrl":"https:\/\/kavaslarsandalye.com\/wp-content\/uploads\/2024\/09\/Calisma-Yuzeyi-1.svg","width":300,"height":80,"caption":"Kavaslar Sandalye"},"image":{"@id":"https:\/\/kavaslarsandalye.com\/en\/#\/schema\/logo\/image\/"}}]}},"_links":{"self":[{"href":"https:\/\/kavaslarsandalye.com\/en\/wp-json\/wp\/v2\/product\/16887","targetHints":{"allow":["GET"]}}],"collection":[{"href":"https:\/\/kavaslarsandalye.com\/en\/wp-json\/wp\/v2\/product"}],"about":[{"href":"https:\/\/kavaslarsandalye.com\/en\/wp-json\/wp\/v2\/types\/product"}],"wp:featuredmedia":[{"embeddable":true,"href":"https:\/\/kavaslarsandalye.com\/en\/wp-json\/wp\/v2\/media\/17815"}],"wp:attachment":[{"href":"https:\/\/kavaslarsandalye.com\/en\/wp-json\/wp\/v2\/media?parent=16887"}],"wp:term":[{"taxonomy":"product_brand","embeddable":true,"href":"https:\/\/kavaslarsandalye.com\/en\/wp-json\/wp\/v2\/product_brand?post=16887"},{"taxonomy":"product_cat","embeddable":true,"href":"https:\/\/kavaslarsandalye.com\/en\/wp-json\/wp\/v2\/product_cat?post=16887"},{"taxonomy":"product_tag","embeddable":true,"href":"https:\/\/kavaslarsandalye.com\/en\/wp-json\/wp\/v2\/product_tag?post=16887"}],"curies":[{"name":"wp","href":"https:\/\/api.w.org\/{rel}","templated":true}]}}