{"id":16880,"date":"2024-02-02T11:20:56","date_gmt":"2024-02-02T11:20:56","guid":{"rendered":"https:\/\/kavaslarsandalye.com\/?post_type=product&#038;p=16880"},"modified":"2024-09-27T01:44:51","modified_gmt":"2024-09-27T01:44:51","slug":"mirante","status":"publish","type":"product","link":"https:\/\/kavaslarsandalye.com\/en\/mirante\/","title":{"rendered":"Mirante"},"content":{"rendered":"<link rel=\"stylesheet\" id=\"wd-text-block-css\" href=\"https:\/\/kavaslarsandalye.com\/wp-content\/themes\/woodmart\/css\/parts\/el-text-block.min.css?ver=7.3.1\" type=\"text\/css\" media=\"all\" \/>\n<h3>\u00dcr\u00fcn \u00d6zellikleri<\/h3>\n<ul>\n<li>\n<p><strong>Zarif Tasar\u0131m<\/strong>: Mirante modeli, zarif ve estetik bir tasar\u0131ma sahiptir. Temiz \u00e7izgileri ve minimalist yap\u0131s\u0131yla modern bir g\u00f6r\u00fcn\u00fcm sunar, mekan\u0131n\u0131za \u015f\u0131kl\u0131k katar.<\/p>\n<\/li>\n<li>\n<p><strong>Y\u00fcksek Kaliteli Malzemeler<\/strong>: Mirante modeli, y\u00fcksek kaliteli malzemelerden \u00fcretilmi\u015ftir. Bu malzemeler, dayan\u0131kl\u0131l\u0131\u011f\u0131 ve uzun \u00f6m\u00fcrl\u00fc kullan\u0131m\u0131 destekler.<\/p>\n<\/li>\n<li>\n<p><strong>Rahat Oturma Deneyimi<\/strong>: Mirante, ergonomik bir tasar\u0131ma sahiptir. Geni\u015f oturma alan\u0131 ve s\u0131rt deste\u011fi, kullan\u0131c\u0131lara konforlu bir oturu\u015f sunar.<\/p>\n<\/li>\n<\/ul>\n<p>\t\t\t\t\t\t\t\t<img width=\"700\" height=\"800\" src=\"http:\/\/kavaslarsandalye.com\/wp-content\/uploads\/2024\/02\/3-24.jpg\" alt=\"\" decoding=\"async\" loading=\"lazy\" srcset=\"https:\/\/kavaslarsandalye.com\/wp-content\/uploads\/2024\/02\/3-24.jpg 700w, https:\/\/kavaslarsandalye.com\/wp-content\/uploads\/2024\/02\/3-24-263x300.jpg 263w, https:\/\/kavaslarsandalye.com\/wp-content\/uploads\/2024\/02\/3-24-430x491.jpg 430w, https:\/\/kavaslarsandalye.com\/wp-content\/uploads\/2024\/02\/3-24-150x171.jpg 150w\" sizes=\"auto, (max-width: 700px) 100vw, 700px\" \/><br \/>\n\t\t\t\t\t\t\t\t<img width=\"700\" height=\"800\" src=\"http:\/\/kavaslarsandalye.com\/wp-content\/uploads\/2024\/02\/1-24.jpg\" alt=\"\" decoding=\"async\" loading=\"lazy\" srcset=\"https:\/\/kavaslarsandalye.com\/wp-content\/uploads\/2024\/02\/1-24.jpg 700w, https:\/\/kavaslarsandalye.com\/wp-content\/uploads\/2024\/02\/1-24-263x300.jpg 263w, https:\/\/kavaslarsandalye.com\/wp-content\/uploads\/2024\/02\/1-24-430x491.jpg 430w, https:\/\/kavaslarsandalye.com\/wp-content\/uploads\/2024\/02\/1-24-150x171.jpg 150w\" sizes=\"auto, (max-width: 700px) 100vw, 700px\" \/><\/p>\n","protected":false},"excerpt":{"rendered":"<p>Mirante modeli, \u00e7a\u011fda\u015f ya\u015fam alanlar\u0131 i\u00e7in \u00f6zel olarak tasarlanm\u0131\u015f \u015f\u0131k bir sandalyedir. Metal ayaklar\u0131, sa\u011flaml\u0131k ve zarafet sunarken, minimalist tasar\u0131m\u0131yla dikkat \u00e7eker. Mirante, oturma odalar\u0131ndan yemek alanlar\u0131na kadar geni\u015f bir kullan\u0131m alan\u0131na sahiptir. Estetik ve fonksiyonellik bir arada olan bu sandalye, ya\u015fam alan\u0131n\u0131za modern bir hava katar ve rahat bir oturu\u015f sa\u011flar.<\/p>\n","protected":false},"featured_media":18089,"template":"","meta":[],"product_brand":[],"product_cat":[221,71],"product_tag":[],"class_list":{"0":"post-16880","1":"product","2":"type-product","3":"status-publish","4":"has-post-thumbnail","6":"product_cat-metal-sandalyeler","7":"product_cat-sandalyeler","9":"first","10":"instock","11":"shipping-taxable","12":"product-type-simple"},"yoast_head":"<!-- This site is optimized with the Yoast SEO plugin v27.4 - https:\/\/yoast.com\/product\/yoast-seo-wordpress\/ -->\n<title>Mirante &#187; Kavaslar Sandalye<\/title>\n<meta name=\"robots\" content=\"index, follow, max-snippet:-1, max-image-preview:large, max-video-preview:-1\" \/>\n<link rel=\"canonical\" href=\"https:\/\/kavaslarsandalye.com\/en\/mirante\/\" \/>\n<meta property=\"og:locale\" content=\"en_US\" \/>\n<meta property=\"og:type\" content=\"article\" \/>\n<meta property=\"og:title\" content=\"Mirante &#187; Kavaslar Sandalye\" \/>\n<meta property=\"og:description\" content=\"Mirante modeli, \u00e7a\u011fda\u015f ya\u015fam alanlar\u0131 i\u00e7in \u00f6zel olarak tasarlanm\u0131\u015f \u015f\u0131k bir sandalyedir. Metal ayaklar\u0131, sa\u011flaml\u0131k ve zarafet sunarken, minimalist tasar\u0131m\u0131yla dikkat \u00e7eker. Mirante, oturma odalar\u0131ndan yemek alanlar\u0131na kadar geni\u015f bir kullan\u0131m alan\u0131na sahiptir. Estetik ve fonksiyonellik bir arada olan bu sandalye, ya\u015fam alan\u0131n\u0131za modern bir hava katar ve rahat bir oturu\u015f sa\u011flar.\" \/>\n<meta property=\"og:url\" content=\"https:\/\/kavaslarsandalye.com\/en\/mirante\/\" \/>\n<meta property=\"og:site_name\" content=\"Kavaslar Sandalye\" \/>\n<meta property=\"article:modified_time\" content=\"2024-09-27T01:44:51+00:00\" \/>\n<meta property=\"og:image\" content=\"https:\/\/kavaslarsandalye.com\/wp-content\/uploads\/2024\/02\/mirante-4.webp\" \/>\n\t<meta property=\"og:image:width\" content=\"1080\" \/>\n\t<meta property=\"og:image:height\" content=\"1000\" \/>\n\t<meta property=\"og:image:type\" content=\"image\/webp\" \/>\n<meta name=\"twitter:card\" content=\"summary_large_image\" \/>\n<meta name=\"twitter:label1\" content=\"Est. reading time\" \/>\n\t<meta name=\"twitter:data1\" content=\"1 minute\" \/>\n<script type=\"application\/ld+json\" class=\"yoast-schema-graph\">{\"@context\":\"https:\\\/\\\/schema.org\",\"@graph\":[{\"@type\":\"WebPage\",\"@id\":\"https:\\\/\\\/kavaslarsandalye.com\\\/en\\\/mirante\\\/\",\"url\":\"https:\\\/\\\/kavaslarsandalye.com\\\/en\\\/mirante\\\/\",\"name\":\"Mirante &#187; Kavaslar Sandalye\",\"isPartOf\":{\"@id\":\"https:\\\/\\\/kavaslarsandalye.com\\\/en\\\/#website\"},\"primaryImageOfPage\":{\"@id\":\"https:\\\/\\\/kavaslarsandalye.com\\\/en\\\/mirante\\\/#primaryimage\"},\"image\":{\"@id\":\"https:\\\/\\\/kavaslarsandalye.com\\\/en\\\/mirante\\\/#primaryimage\"},\"thumbnailUrl\":\"https:\\\/\\\/kavaslarsandalye.com\\\/wp-content\\\/uploads\\\/2024\\\/02\\\/mirante-4.webp\",\"datePublished\":\"2024-02-02T11:20:56+00:00\",\"dateModified\":\"2024-09-27T01:44:51+00:00\",\"breadcrumb\":{\"@id\":\"https:\\\/\\\/kavaslarsandalye.com\\\/en\\\/mirante\\\/#breadcrumb\"},\"inLanguage\":\"en-US\",\"potentialAction\":[{\"@type\":\"ReadAction\",\"target\":[\"https:\\\/\\\/kavaslarsandalye.com\\\/en\\\/mirante\\\/\"]}]},{\"@type\":\"ImageObject\",\"inLanguage\":\"en-US\",\"@id\":\"https:\\\/\\\/kavaslarsandalye.com\\\/en\\\/mirante\\\/#primaryimage\",\"url\":\"https:\\\/\\\/kavaslarsandalye.com\\\/wp-content\\\/uploads\\\/2024\\\/02\\\/mirante-4.webp\",\"contentUrl\":\"https:\\\/\\\/kavaslarsandalye.com\\\/wp-content\\\/uploads\\\/2024\\\/02\\\/mirante-4.webp\",\"width\":1080,\"height\":1000},{\"@type\":\"BreadcrumbList\",\"@id\":\"https:\\\/\\\/kavaslarsandalye.com\\\/en\\\/mirante\\\/#breadcrumb\",\"itemListElement\":[{\"@type\":\"ListItem\",\"position\":1,\"name\":\"Anasayfa\",\"item\":\"https:\\\/\\\/kavaslarsandalye.com\\\/en\\\/\"},{\"@type\":\"ListItem\",\"position\":2,\"name\":\"\u00dcr\u00fcnler\",\"item\":\"https:\\\/\\\/kavaslarsandalye.com\\\/urunler\\\/\"},{\"@type\":\"ListItem\",\"position\":3,\"name\":\"Mirante\"}]},{\"@type\":\"WebSite\",\"@id\":\"https:\\\/\\\/kavaslarsandalye.com\\\/en\\\/#website\",\"url\":\"https:\\\/\\\/kavaslarsandalye.com\\\/en\\\/\",\"name\":\"Kavaslar Sandalye\",\"description\":\"\",\"publisher\":{\"@id\":\"https:\\\/\\\/kavaslarsandalye.com\\\/en\\\/#organization\"},\"alternateName\":\"Kavaslar Chair\",\"potentialAction\":[{\"@type\":\"SearchAction\",\"target\":{\"@type\":\"EntryPoint\",\"urlTemplate\":\"https:\\\/\\\/kavaslarsandalye.com\\\/en\\\/?s={search_term_string}\"},\"query-input\":{\"@type\":\"PropertyValueSpecification\",\"valueRequired\":true,\"valueName\":\"search_term_string\"}}],\"inLanguage\":\"en-US\"},{\"@type\":\"Organization\",\"@id\":\"https:\\\/\\\/kavaslarsandalye.com\\\/en\\\/#organization\",\"name\":\"Kavaslar Sandalye\",\"alternateName\":\"Kavaslar Chair\",\"url\":\"https:\\\/\\\/kavaslarsandalye.com\\\/en\\\/\",\"logo\":{\"@type\":\"ImageObject\",\"inLanguage\":\"en-US\",\"@id\":\"https:\\\/\\\/kavaslarsandalye.com\\\/en\\\/#\\\/schema\\\/logo\\\/image\\\/\",\"url\":\"https:\\\/\\\/kavaslarsandalye.com\\\/wp-content\\\/uploads\\\/2024\\\/09\\\/Calisma-Yuzeyi-1.svg\",\"contentUrl\":\"https:\\\/\\\/kavaslarsandalye.com\\\/wp-content\\\/uploads\\\/2024\\\/09\\\/Calisma-Yuzeyi-1.svg\",\"width\":300,\"height\":80,\"caption\":\"Kavaslar Sandalye\"},\"image\":{\"@id\":\"https:\\\/\\\/kavaslarsandalye.com\\\/en\\\/#\\\/schema\\\/logo\\\/image\\\/\"}}]}<\/script>\n<!-- \/ Yoast SEO plugin. -->","yoast_head_json":{"title":"Mirante &#187; Kavaslar Sandalye","robots":{"index":"index","follow":"follow","max-snippet":"max-snippet:-1","max-image-preview":"max-image-preview:large","max-video-preview":"max-video-preview:-1"},"canonical":"https:\/\/kavaslarsandalye.com\/en\/mirante\/","og_locale":"en_US","og_type":"article","og_title":"Mirante &#187; Kavaslar Sandalye","og_description":"Mirante modeli, \u00e7a\u011fda\u015f ya\u015fam alanlar\u0131 i\u00e7in \u00f6zel olarak tasarlanm\u0131\u015f \u015f\u0131k bir sandalyedir. Metal ayaklar\u0131, sa\u011flaml\u0131k ve zarafet sunarken, minimalist tasar\u0131m\u0131yla dikkat \u00e7eker. Mirante, oturma odalar\u0131ndan yemek alanlar\u0131na kadar geni\u015f bir kullan\u0131m alan\u0131na sahiptir. Estetik ve fonksiyonellik bir arada olan bu sandalye, ya\u015fam alan\u0131n\u0131za modern bir hava katar ve rahat bir oturu\u015f sa\u011flar.","og_url":"https:\/\/kavaslarsandalye.com\/en\/mirante\/","og_site_name":"Kavaslar Sandalye","article_modified_time":"2024-09-27T01:44:51+00:00","og_image":[{"width":1080,"height":1000,"url":"https:\/\/kavaslarsandalye.com\/wp-content\/uploads\/2024\/02\/mirante-4.webp","type":"image\/webp"}],"twitter_card":"summary_large_image","twitter_misc":{"Est. reading time":"1 minute"},"schema":{"@context":"https:\/\/schema.org","@graph":[{"@type":"WebPage","@id":"https:\/\/kavaslarsandalye.com\/en\/mirante\/","url":"https:\/\/kavaslarsandalye.com\/en\/mirante\/","name":"Mirante &#187; Kavaslar Sandalye","isPartOf":{"@id":"https:\/\/kavaslarsandalye.com\/en\/#website"},"primaryImageOfPage":{"@id":"https:\/\/kavaslarsandalye.com\/en\/mirante\/#primaryimage"},"image":{"@id":"https:\/\/kavaslarsandalye.com\/en\/mirante\/#primaryimage"},"thumbnailUrl":"https:\/\/kavaslarsandalye.com\/wp-content\/uploads\/2024\/02\/mirante-4.webp","datePublished":"2024-02-02T11:20:56+00:00","dateModified":"2024-09-27T01:44:51+00:00","breadcrumb":{"@id":"https:\/\/kavaslarsandalye.com\/en\/mirante\/#breadcrumb"},"inLanguage":"en-US","potentialAction":[{"@type":"ReadAction","target":["https:\/\/kavaslarsandalye.com\/en\/mirante\/"]}]},{"@type":"ImageObject","inLanguage":"en-US","@id":"https:\/\/kavaslarsandalye.com\/en\/mirante\/#primaryimage","url":"https:\/\/kavaslarsandalye.com\/wp-content\/uploads\/2024\/02\/mirante-4.webp","contentUrl":"https:\/\/kavaslarsandalye.com\/wp-content\/uploads\/2024\/02\/mirante-4.webp","width":1080,"height":1000},{"@type":"BreadcrumbList","@id":"https:\/\/kavaslarsandalye.com\/en\/mirante\/#breadcrumb","itemListElement":[{"@type":"ListItem","position":1,"name":"Anasayfa","item":"https:\/\/kavaslarsandalye.com\/en\/"},{"@type":"ListItem","position":2,"name":"\u00dcr\u00fcnler","item":"https:\/\/kavaslarsandalye.com\/urunler\/"},{"@type":"ListItem","position":3,"name":"Mirante"}]},{"@type":"WebSite","@id":"https:\/\/kavaslarsandalye.com\/en\/#website","url":"https:\/\/kavaslarsandalye.com\/en\/","name":"Kavaslar Sandalye","description":"","publisher":{"@id":"https:\/\/kavaslarsandalye.com\/en\/#organization"},"alternateName":"Kavaslar Chair","potentialAction":[{"@type":"SearchAction","target":{"@type":"EntryPoint","urlTemplate":"https:\/\/kavaslarsandalye.com\/en\/?s={search_term_string}"},"query-input":{"@type":"PropertyValueSpecification","valueRequired":true,"valueName":"search_term_string"}}],"inLanguage":"en-US"},{"@type":"Organization","@id":"https:\/\/kavaslarsandalye.com\/en\/#organization","name":"Kavaslar Sandalye","alternateName":"Kavaslar Chair","url":"https:\/\/kavaslarsandalye.com\/en\/","logo":{"@type":"ImageObject","inLanguage":"en-US","@id":"https:\/\/kavaslarsandalye.com\/en\/#\/schema\/logo\/image\/","url":"https:\/\/kavaslarsandalye.com\/wp-content\/uploads\/2024\/09\/Calisma-Yuzeyi-1.svg","contentUrl":"https:\/\/kavaslarsandalye.com\/wp-content\/uploads\/2024\/09\/Calisma-Yuzeyi-1.svg","width":300,"height":80,"caption":"Kavaslar Sandalye"},"image":{"@id":"https:\/\/kavaslarsandalye.com\/en\/#\/schema\/logo\/image\/"}}]}},"_links":{"self":[{"href":"https:\/\/kavaslarsandalye.com\/en\/wp-json\/wp\/v2\/product\/16880","targetHints":{"allow":["GET"]}}],"collection":[{"href":"https:\/\/kavaslarsandalye.com\/en\/wp-json\/wp\/v2\/product"}],"about":[{"href":"https:\/\/kavaslarsandalye.com\/en\/wp-json\/wp\/v2\/types\/product"}],"wp:featuredmedia":[{"embeddable":true,"href":"https:\/\/kavaslarsandalye.com\/en\/wp-json\/wp\/v2\/media\/18089"}],"wp:attachment":[{"href":"https:\/\/kavaslarsandalye.com\/en\/wp-json\/wp\/v2\/media?parent=16880"}],"wp:term":[{"taxonomy":"product_brand","embeddable":true,"href":"https:\/\/kavaslarsandalye.com\/en\/wp-json\/wp\/v2\/product_brand?post=16880"},{"taxonomy":"product_cat","embeddable":true,"href":"https:\/\/kavaslarsandalye.com\/en\/wp-json\/wp\/v2\/product_cat?post=16880"},{"taxonomy":"product_tag","embeddable":true,"href":"https:\/\/kavaslarsandalye.com\/en\/wp-json\/wp\/v2\/product_tag?post=16880"}],"curies":[{"name":"wp","href":"https:\/\/api.w.org\/{rel}","templated":true}]}}