{"id":15939,"date":"2023-09-14T12:00:59","date_gmt":"2023-09-14T12:00:59","guid":{"rendered":"https:\/\/menkpoliuretan.com\/kavas25\/?post_type=product&#038;p=15939"},"modified":"2024-09-27T02:57:05","modified_gmt":"2024-09-27T02:57:05","slug":"inci","status":"publish","type":"product","link":"https:\/\/kavaslarsandalye.com\/en\/inci\/","title":{"rendered":"\u0130nci"},"content":{"rendered":"<link rel=\"stylesheet\" id=\"wd-text-block-css\" href=\"https:\/\/menkpoliuretan.com\/kavas25\/wp-content\/themes\/woodmart\/css\/parts\/el-text-block.min.css?ver=7.3.1\" type=\"text\/css\" media=\"all\" \/>\n<h3>\u00dcr\u00fcn \u00d6zellikleri<\/h3>\n<ul>\n<li><strong>Dayan\u0131kl\u0131 Malzemeler:<\/strong> Sandalyenin kalitesi \u00f6ne \u00e7\u0131k\u0131yor. Sa\u011flam \u00e7er\u00e7evesi ve dikkatlice se\u00e7ilmi\u015f malzemeleri, uzun \u00f6m\u00fcrl\u00fc kullan\u0131m i\u00e7in tasarland\u0131.<\/li>\n<li><strong>Modern ve Zarif Tasar\u0131m:<\/strong> Sandalyenin modern ve zarif tasar\u0131m\u0131, herhangi bir mekanda \u015f\u0131kl\u0131k ve zarafet sunar.<\/li>\n<li><strong>Konforlu Oturma Deneyimi:<\/strong> Sandalye, rahatl\u0131k ve destek sunmak i\u00e7in ergonomik bir \u015fekilde tasarland\u0131. Uzun s\u00fcreli oturmalarda bile rahatl\u0131k sa\u011flar.<\/li>\n<li><strong>\u00c7ok Ama\u00e7l\u0131 Kullan\u0131m:<\/strong> Yemek odalar\u0131, oturma odalar\u0131, veya kafe gibi farkl\u0131 mekanlarda kullan\u0131m i\u00e7in idealdir.<\/li>\n<\/ul>\n<p>\t\t\t\t\t\t\t\t<img width=\"700\" height=\"800\" src=\"http:\/\/menkpoliuretan.com\/kavas25\/wp-content\/uploads\/2023\/09\/INCI-3.jpg\" alt=\"\" decoding=\"async\" loading=\"lazy\" srcset=\"https:\/\/menkpoliuretan.com\/kavas25\/wp-content\/uploads\/2023\/09\/INCI-3.jpg 700w, https:\/\/menkpoliuretan.com\/kavas25\/wp-content\/uploads\/2023\/09\/INCI-3-263x300.jpg 263w, https:\/\/menkpoliuretan.com\/kavas25\/wp-content\/uploads\/2023\/09\/INCI-3-430x491.jpg 430w, https:\/\/menkpoliuretan.com\/kavas25\/wp-content\/uploads\/2023\/09\/INCI-3-150x171.jpg 150w\" sizes=\"auto, (max-width: 700px) 100vw, 700px\" \/><br \/>\n\t\t\t\t\t\t\t\t<img width=\"700\" height=\"800\" src=\"http:\/\/menkpoliuretan.com\/kavas25\/wp-content\/uploads\/2023\/09\/INCI-1.jpg\" alt=\"\" decoding=\"async\" loading=\"lazy\" srcset=\"https:\/\/menkpoliuretan.com\/kavas25\/wp-content\/uploads\/2023\/09\/INCI-1.jpg 700w, https:\/\/menkpoliuretan.com\/kavas25\/wp-content\/uploads\/2023\/09\/INCI-1-263x300.jpg 263w, https:\/\/menkpoliuretan.com\/kavas25\/wp-content\/uploads\/2023\/09\/INCI-1-430x491.jpg 430w, https:\/\/menkpoliuretan.com\/kavas25\/wp-content\/uploads\/2023\/09\/INCI-1-150x171.jpg 150w\" sizes=\"auto, (max-width: 700px) 100vw, 700px\" \/><\/p>\n","protected":false},"excerpt":{"rendered":"<p>Size \u00f6zel bir sandalyeyi tan\u0131tmaktan b\u00fcy\u00fck bir memnuniyet duyuyoruz. Modern tasar\u0131m\u0131 ve sa\u011flam yap\u0131s\u0131yla hem estetik hem de dayan\u0131kl\u0131l\u0131\u011f\u0131 bir araya getiriyor. Bu sandalye, evinizin veya i\u015fyerinizin dekoruna m\u00fckemmel bir uyum sa\u011flamak i\u00e7in tasarland\u0131.<\/p>\n","protected":false},"featured_media":18158,"template":"","meta":[],"product_brand":[],"product_cat":[221,71],"product_tag":[],"class_list":{"0":"post-15939","1":"product","2":"type-product","3":"status-publish","4":"has-post-thumbnail","6":"product_cat-metal-sandalyeler","7":"product_cat-sandalyeler","9":"first","10":"instock","11":"shipping-taxable","12":"product-type-simple"},"yoast_head":"<!-- This site is optimized with the Yoast SEO plugin v27.4 - https:\/\/yoast.com\/product\/yoast-seo-wordpress\/ -->\n<title>\u0130nci &#187; Kavaslar Sandalye<\/title>\n<meta name=\"robots\" content=\"index, follow, max-snippet:-1, max-image-preview:large, max-video-preview:-1\" \/>\n<link rel=\"canonical\" href=\"https:\/\/kavaslarsandalye.com\/en\/inci\/\" \/>\n<meta property=\"og:locale\" content=\"en_US\" \/>\n<meta property=\"og:type\" content=\"article\" \/>\n<meta property=\"og:title\" content=\"\u0130nci &#187; Kavaslar Sandalye\" \/>\n<meta property=\"og:description\" content=\"Size \u00f6zel bir sandalyeyi tan\u0131tmaktan b\u00fcy\u00fck bir memnuniyet duyuyoruz. Modern tasar\u0131m\u0131 ve sa\u011flam yap\u0131s\u0131yla hem estetik hem de dayan\u0131kl\u0131l\u0131\u011f\u0131 bir araya getiriyor. Bu sandalye, evinizin veya i\u015fyerinizin dekoruna m\u00fckemmel bir uyum sa\u011flamak i\u00e7in tasarland\u0131.\" \/>\n<meta property=\"og:url\" content=\"https:\/\/kavaslarsandalye.com\/en\/inci\/\" \/>\n<meta property=\"og:site_name\" content=\"Kavaslar Sandalye\" \/>\n<meta property=\"article:modified_time\" content=\"2024-09-27T02:57:05+00:00\" \/>\n<meta property=\"og:image\" content=\"https:\/\/kavaslarsandalye.com\/wp-content\/uploads\/2023\/09\/inci.webp\" \/>\n\t<meta property=\"og:image:width\" content=\"1080\" \/>\n\t<meta property=\"og:image:height\" content=\"1000\" \/>\n\t<meta property=\"og:image:type\" content=\"image\/webp\" \/>\n<meta name=\"twitter:card\" content=\"summary_large_image\" \/>\n<meta name=\"twitter:label1\" content=\"Est. reading time\" \/>\n\t<meta name=\"twitter:data1\" content=\"1 minute\" \/>\n<script type=\"application\/ld+json\" class=\"yoast-schema-graph\">{\"@context\":\"https:\\\/\\\/schema.org\",\"@graph\":[{\"@type\":\"WebPage\",\"@id\":\"https:\\\/\\\/kavaslarsandalye.com\\\/en\\\/inci\\\/\",\"url\":\"https:\\\/\\\/kavaslarsandalye.com\\\/en\\\/inci\\\/\",\"name\":\"\u0130nci &#187; Kavaslar Sandalye\",\"isPartOf\":{\"@id\":\"https:\\\/\\\/kavaslarsandalye.com\\\/en\\\/#website\"},\"primaryImageOfPage\":{\"@id\":\"https:\\\/\\\/kavaslarsandalye.com\\\/en\\\/inci\\\/#primaryimage\"},\"image\":{\"@id\":\"https:\\\/\\\/kavaslarsandalye.com\\\/en\\\/inci\\\/#primaryimage\"},\"thumbnailUrl\":\"https:\\\/\\\/kavaslarsandalye.com\\\/wp-content\\\/uploads\\\/2023\\\/09\\\/inci.webp\",\"datePublished\":\"2023-09-14T12:00:59+00:00\",\"dateModified\":\"2024-09-27T02:57:05+00:00\",\"breadcrumb\":{\"@id\":\"https:\\\/\\\/kavaslarsandalye.com\\\/en\\\/inci\\\/#breadcrumb\"},\"inLanguage\":\"en-US\",\"potentialAction\":[{\"@type\":\"ReadAction\",\"target\":[\"https:\\\/\\\/kavaslarsandalye.com\\\/en\\\/inci\\\/\"]}]},{\"@type\":\"ImageObject\",\"inLanguage\":\"en-US\",\"@id\":\"https:\\\/\\\/kavaslarsandalye.com\\\/en\\\/inci\\\/#primaryimage\",\"url\":\"https:\\\/\\\/kavaslarsandalye.com\\\/wp-content\\\/uploads\\\/2023\\\/09\\\/inci.webp\",\"contentUrl\":\"https:\\\/\\\/kavaslarsandalye.com\\\/wp-content\\\/uploads\\\/2023\\\/09\\\/inci.webp\",\"width\":1080,\"height\":1000},{\"@type\":\"BreadcrumbList\",\"@id\":\"https:\\\/\\\/kavaslarsandalye.com\\\/en\\\/inci\\\/#breadcrumb\",\"itemListElement\":[{\"@type\":\"ListItem\",\"position\":1,\"name\":\"Anasayfa\",\"item\":\"https:\\\/\\\/kavaslarsandalye.com\\\/en\\\/\"},{\"@type\":\"ListItem\",\"position\":2,\"name\":\"\u00dcr\u00fcnler\",\"item\":\"https:\\\/\\\/kavaslarsandalye.com\\\/urunler\\\/\"},{\"@type\":\"ListItem\",\"position\":3,\"name\":\"\u0130nci\"}]},{\"@type\":\"WebSite\",\"@id\":\"https:\\\/\\\/kavaslarsandalye.com\\\/en\\\/#website\",\"url\":\"https:\\\/\\\/kavaslarsandalye.com\\\/en\\\/\",\"name\":\"Kavaslar Sandalye\",\"description\":\"\",\"publisher\":{\"@id\":\"https:\\\/\\\/kavaslarsandalye.com\\\/en\\\/#organization\"},\"alternateName\":\"Kavaslar Chair\",\"potentialAction\":[{\"@type\":\"SearchAction\",\"target\":{\"@type\":\"EntryPoint\",\"urlTemplate\":\"https:\\\/\\\/kavaslarsandalye.com\\\/en\\\/?s={search_term_string}\"},\"query-input\":{\"@type\":\"PropertyValueSpecification\",\"valueRequired\":true,\"valueName\":\"search_term_string\"}}],\"inLanguage\":\"en-US\"},{\"@type\":\"Organization\",\"@id\":\"https:\\\/\\\/kavaslarsandalye.com\\\/en\\\/#organization\",\"name\":\"Kavaslar Sandalye\",\"alternateName\":\"Kavaslar Chair\",\"url\":\"https:\\\/\\\/kavaslarsandalye.com\\\/en\\\/\",\"logo\":{\"@type\":\"ImageObject\",\"inLanguage\":\"en-US\",\"@id\":\"https:\\\/\\\/kavaslarsandalye.com\\\/en\\\/#\\\/schema\\\/logo\\\/image\\\/\",\"url\":\"https:\\\/\\\/kavaslarsandalye.com\\\/wp-content\\\/uploads\\\/2024\\\/09\\\/Calisma-Yuzeyi-1.svg\",\"contentUrl\":\"https:\\\/\\\/kavaslarsandalye.com\\\/wp-content\\\/uploads\\\/2024\\\/09\\\/Calisma-Yuzeyi-1.svg\",\"width\":300,\"height\":80,\"caption\":\"Kavaslar Sandalye\"},\"image\":{\"@id\":\"https:\\\/\\\/kavaslarsandalye.com\\\/en\\\/#\\\/schema\\\/logo\\\/image\\\/\"}}]}<\/script>\n<!-- \/ Yoast SEO plugin. -->","yoast_head_json":{"title":"\u0130nci &#187; Kavaslar Sandalye","robots":{"index":"index","follow":"follow","max-snippet":"max-snippet:-1","max-image-preview":"max-image-preview:large","max-video-preview":"max-video-preview:-1"},"canonical":"https:\/\/kavaslarsandalye.com\/en\/inci\/","og_locale":"en_US","og_type":"article","og_title":"\u0130nci &#187; Kavaslar Sandalye","og_description":"Size \u00f6zel bir sandalyeyi tan\u0131tmaktan b\u00fcy\u00fck bir memnuniyet duyuyoruz. Modern tasar\u0131m\u0131 ve sa\u011flam yap\u0131s\u0131yla hem estetik hem de dayan\u0131kl\u0131l\u0131\u011f\u0131 bir araya getiriyor. Bu sandalye, evinizin veya i\u015fyerinizin dekoruna m\u00fckemmel bir uyum sa\u011flamak i\u00e7in tasarland\u0131.","og_url":"https:\/\/kavaslarsandalye.com\/en\/inci\/","og_site_name":"Kavaslar Sandalye","article_modified_time":"2024-09-27T02:57:05+00:00","og_image":[{"width":1080,"height":1000,"url":"https:\/\/kavaslarsandalye.com\/wp-content\/uploads\/2023\/09\/inci.webp","type":"image\/webp"}],"twitter_card":"summary_large_image","twitter_misc":{"Est. reading time":"1 minute"},"schema":{"@context":"https:\/\/schema.org","@graph":[{"@type":"WebPage","@id":"https:\/\/kavaslarsandalye.com\/en\/inci\/","url":"https:\/\/kavaslarsandalye.com\/en\/inci\/","name":"\u0130nci &#187; Kavaslar Sandalye","isPartOf":{"@id":"https:\/\/kavaslarsandalye.com\/en\/#website"},"primaryImageOfPage":{"@id":"https:\/\/kavaslarsandalye.com\/en\/inci\/#primaryimage"},"image":{"@id":"https:\/\/kavaslarsandalye.com\/en\/inci\/#primaryimage"},"thumbnailUrl":"https:\/\/kavaslarsandalye.com\/wp-content\/uploads\/2023\/09\/inci.webp","datePublished":"2023-09-14T12:00:59+00:00","dateModified":"2024-09-27T02:57:05+00:00","breadcrumb":{"@id":"https:\/\/kavaslarsandalye.com\/en\/inci\/#breadcrumb"},"inLanguage":"en-US","potentialAction":[{"@type":"ReadAction","target":["https:\/\/kavaslarsandalye.com\/en\/inci\/"]}]},{"@type":"ImageObject","inLanguage":"en-US","@id":"https:\/\/kavaslarsandalye.com\/en\/inci\/#primaryimage","url":"https:\/\/kavaslarsandalye.com\/wp-content\/uploads\/2023\/09\/inci.webp","contentUrl":"https:\/\/kavaslarsandalye.com\/wp-content\/uploads\/2023\/09\/inci.webp","width":1080,"height":1000},{"@type":"BreadcrumbList","@id":"https:\/\/kavaslarsandalye.com\/en\/inci\/#breadcrumb","itemListElement":[{"@type":"ListItem","position":1,"name":"Anasayfa","item":"https:\/\/kavaslarsandalye.com\/en\/"},{"@type":"ListItem","position":2,"name":"\u00dcr\u00fcnler","item":"https:\/\/kavaslarsandalye.com\/urunler\/"},{"@type":"ListItem","position":3,"name":"\u0130nci"}]},{"@type":"WebSite","@id":"https:\/\/kavaslarsandalye.com\/en\/#website","url":"https:\/\/kavaslarsandalye.com\/en\/","name":"Kavaslar Sandalye","description":"","publisher":{"@id":"https:\/\/kavaslarsandalye.com\/en\/#organization"},"alternateName":"Kavaslar Chair","potentialAction":[{"@type":"SearchAction","target":{"@type":"EntryPoint","urlTemplate":"https:\/\/kavaslarsandalye.com\/en\/?s={search_term_string}"},"query-input":{"@type":"PropertyValueSpecification","valueRequired":true,"valueName":"search_term_string"}}],"inLanguage":"en-US"},{"@type":"Organization","@id":"https:\/\/kavaslarsandalye.com\/en\/#organization","name":"Kavaslar Sandalye","alternateName":"Kavaslar Chair","url":"https:\/\/kavaslarsandalye.com\/en\/","logo":{"@type":"ImageObject","inLanguage":"en-US","@id":"https:\/\/kavaslarsandalye.com\/en\/#\/schema\/logo\/image\/","url":"https:\/\/kavaslarsandalye.com\/wp-content\/uploads\/2024\/09\/Calisma-Yuzeyi-1.svg","contentUrl":"https:\/\/kavaslarsandalye.com\/wp-content\/uploads\/2024\/09\/Calisma-Yuzeyi-1.svg","width":300,"height":80,"caption":"Kavaslar Sandalye"},"image":{"@id":"https:\/\/kavaslarsandalye.com\/en\/#\/schema\/logo\/image\/"}}]}},"_links":{"self":[{"href":"https:\/\/kavaslarsandalye.com\/en\/wp-json\/wp\/v2\/product\/15939","targetHints":{"allow":["GET"]}}],"collection":[{"href":"https:\/\/kavaslarsandalye.com\/en\/wp-json\/wp\/v2\/product"}],"about":[{"href":"https:\/\/kavaslarsandalye.com\/en\/wp-json\/wp\/v2\/types\/product"}],"wp:featuredmedia":[{"embeddable":true,"href":"https:\/\/kavaslarsandalye.com\/en\/wp-json\/wp\/v2\/media\/18158"}],"wp:attachment":[{"href":"https:\/\/kavaslarsandalye.com\/en\/wp-json\/wp\/v2\/media?parent=15939"}],"wp:term":[{"taxonomy":"product_brand","embeddable":true,"href":"https:\/\/kavaslarsandalye.com\/en\/wp-json\/wp\/v2\/product_brand?post=15939"},{"taxonomy":"product_cat","embeddable":true,"href":"https:\/\/kavaslarsandalye.com\/en\/wp-json\/wp\/v2\/product_cat?post=15939"},{"taxonomy":"product_tag","embeddable":true,"href":"https:\/\/kavaslarsandalye.com\/en\/wp-json\/wp\/v2\/product_tag?post=15939"}],"curies":[{"name":"wp","href":"https:\/\/api.w.org\/{rel}","templated":true}]}}